{"id":1872,"date":"2015-12-06T22:31:48","date_gmt":"2015-12-06T21:31:48","guid":{"rendered":"https:\/\/santevitalite.be\/?page_id=1872"},"modified":"2021-08-20T13:52:39","modified_gmt":"2021-08-20T12:52:39","slug":"prenatal-check-up","status":"publish","type":"page","link":"https:\/\/santevitalite.be\/en\/prenatal-check-up\/","title":{"rendered":"Prenatal check up"},"content":{"rendered":"<p><a href=\"http:\/\/santevitalite.be\/wp-content\/uploads\/2015\/12\/imagesW9WZFGPC.jpg\"><img decoding=\"async\" class=\"alignleft size-full wp-image-33274\" src=\"http:\/\/santevitalite.be\/wp-content\/uploads\/2015\/12\/imagesW9WZFGPC.jpg\" alt=\"imagesW9WZFGPC\" width=\"240\" height=\"200\" \/><\/a>Couples planning pregnancy are asking many questions : what should we do to increase the chances of pregnancy, to have a healthy baby, what is the ideal diet? The goal of this check up is to start a pregnancy in the best conditions.<\/p>\n<p>For some couples, pregnancy does not occur as expected, they have already underwent all the exams by their gynecologist or specialist but the happy event does not occur. The preconception check up for each partner\u00a0 completes the investigations already carried out and will point out certain nutritional,\u00a0 micronutritional or hormonal\u00a0 deficiencies which may explain recurrent miscarriages or subfertility problems.<\/p>\n<p><a href=\"http:\/\/santevitalite.be\/wp-content\/uploads\/2015\/12\/Attendre-b\u00e9b\u00e9-en-beaut\u00e9.jpg\"><img fetchpriority=\"high\" decoding=\"async\" class=\"aligncenter size-full wp-image-33276\" src=\"http:\/\/santevitalite.be\/wp-content\/uploads\/2015\/12\/Attendre-b\u00e9b\u00e9-en-beaut\u00e9.jpg\" alt=\"Attendre-b\u00e9b\u00e9-en-beaut\u00e9\" width=\"1688\" height=\"1125\" srcset=\"https:\/\/santevitalite.be\/wp-content\/uploads\/2015\/12\/Attendre-b\u00e9b\u00e9-en-beaut\u00e9.jpg 1688w, https:\/\/santevitalite.be\/wp-content\/uploads\/2015\/12\/Attendre-b\u00e9b\u00e9-en-beaut\u00e9-300x200.jpg 300w, https:\/\/santevitalite.be\/wp-content\/uploads\/2015\/12\/Attendre-b\u00e9b\u00e9-en-beaut\u00e9-1024x682.jpg 1024w, https:\/\/santevitalite.be\/wp-content\/uploads\/2015\/12\/Attendre-b\u00e9b\u00e9-en-beaut\u00e9-450x300.jpg 450w\" sizes=\"(max-width: 1688px) 100vw, 1688px\" \/><\/a><\/p>\n","protected":false},"excerpt":{"rendered":"<p>Couples planning pregnancy are asking many questions : what should we do to increase the chances of pregnancy, to have a healthy baby, what is the ideal diet? The goal of this check up is to start a pregnancy in the best conditions. For some couples, pregnancy does not occur as expected, they have already [&hellip;]<\/p>\n","protected":false},"author":2,"featured_media":0,"parent":0,"menu_order":0,"comment_status":"closed","ping_status":"closed","template":"","meta":{"_exactmetrics_skip_tracking":false,"_exactmetrics_sitenote_active":false,"_exactmetrics_sitenote_note":"","_exactmetrics_sitenote_category":0,"footnotes":""},"class_list":["post-1872","page","type-page","status-publish","hentry"],"yoast_head":"<!-- This site is optimized with the Yoast SEO plugin v27.3 - https:\/\/yoast.com\/product\/yoast-seo-wordpress\/ -->\n<title>Prenatal check up - Sant\u00e9 Vitalit\u00e9 - Vitality and Health - Dr Dominique CARLY<\/title>\n<meta name=\"robots\" content=\"index, follow, max-snippet:-1, max-image-preview:large, max-video-preview:-1\" \/>\n<link rel=\"canonical\" href=\"https:\/\/santevitalite.be\/en\/prenatal-check-up\/\" \/>\n<meta property=\"og:locale\" content=\"en_US\" \/>\n<meta property=\"og:type\" content=\"article\" \/>\n<meta property=\"og:title\" content=\"Prenatal check up - Sant\u00e9 Vitalit\u00e9 - Vitality and Health - Dr Dominique CARLY\" \/>\n<meta property=\"og:description\" content=\"Couples planning pregnancy are asking many questions : what should we do to increase the chances of pregnancy, to have a healthy baby, what is the ideal diet? The goal of this check up is to start a pregnancy in the best conditions. For some couples, pregnancy does not occur as expected, they have already [&hellip;]\" \/>\n<meta property=\"og:url\" content=\"https:\/\/santevitalite.be\/en\/prenatal-check-up\/\" \/>\n<meta property=\"og:site_name\" content=\"Sant\u00e9 Vitalit\u00e9 - Vitality and Health\" \/>\n<meta property=\"article:publisher\" content=\"https:\/\/www.facebook.com\/Docteur-Carly-Dominique-111554067193574\" \/>\n<meta property=\"article:modified_time\" content=\"2021-08-20T12:52:39+00:00\" \/>\n<meta property=\"og:image\" content=\"http:\/\/santevitalite.be\/wp-content\/uploads\/2015\/12\/imagesW9WZFGPC.jpg\" \/>\n<meta name=\"twitter:card\" content=\"summary_large_image\" \/>\n<meta name=\"twitter:label1\" content=\"Est. reading time\" \/>\n\t<meta name=\"twitter:data1\" content=\"1 minute\" \/>\n<script type=\"application\/ld+json\" class=\"yoast-schema-graph\">{\"@context\":\"https:\\\/\\\/schema.org\",\"@graph\":[{\"@type\":\"WebPage\",\"@id\":\"https:\\\/\\\/santevitalite.be\\\/en\\\/prenatal-check-up\\\/\",\"url\":\"https:\\\/\\\/santevitalite.be\\\/en\\\/prenatal-check-up\\\/\",\"name\":\"Prenatal check up - Sant\u00e9 Vitalit\u00e9 - Vitality and Health - Dr Dominique CARLY\",\"isPartOf\":{\"@id\":\"https:\\\/\\\/santevitalite.be\\\/#website\"},\"primaryImageOfPage\":{\"@id\":\"https:\\\/\\\/santevitalite.be\\\/en\\\/prenatal-check-up\\\/#primaryimage\"},\"image\":{\"@id\":\"https:\\\/\\\/santevitalite.be\\\/en\\\/prenatal-check-up\\\/#primaryimage\"},\"thumbnailUrl\":\"http:\\\/\\\/santevitalite.be\\\/wp-content\\\/uploads\\\/2015\\\/12\\\/imagesW9WZFGPC.jpg\",\"datePublished\":\"2015-12-06T21:31:48+00:00\",\"dateModified\":\"2021-08-20T12:52:39+00:00\",\"breadcrumb\":{\"@id\":\"https:\\\/\\\/santevitalite.be\\\/en\\\/prenatal-check-up\\\/#breadcrumb\"},\"inLanguage\":\"en-US\",\"potentialAction\":[{\"@type\":\"ReadAction\",\"target\":[\"https:\\\/\\\/santevitalite.be\\\/en\\\/prenatal-check-up\\\/\"]}]},{\"@type\":\"ImageObject\",\"inLanguage\":\"en-US\",\"@id\":\"https:\\\/\\\/santevitalite.be\\\/en\\\/prenatal-check-up\\\/#primaryimage\",\"url\":\"http:\\\/\\\/santevitalite.be\\\/wp-content\\\/uploads\\\/2015\\\/12\\\/imagesW9WZFGPC.jpg\",\"contentUrl\":\"http:\\\/\\\/santevitalite.be\\\/wp-content\\\/uploads\\\/2015\\\/12\\\/imagesW9WZFGPC.jpg\"},{\"@type\":\"BreadcrumbList\",\"@id\":\"https:\\\/\\\/santevitalite.be\\\/en\\\/prenatal-check-up\\\/#breadcrumb\",\"itemListElement\":[{\"@type\":\"ListItem\",\"position\":1,\"name\":\"Accueil\",\"item\":\"https:\\\/\\\/santevitalite.be\\\/en\\\/\"},{\"@type\":\"ListItem\",\"position\":2,\"name\":\"Prenatal check up\"}]},{\"@type\":\"WebSite\",\"@id\":\"https:\\\/\\\/santevitalite.be\\\/#website\",\"url\":\"https:\\\/\\\/santevitalite.be\\\/\",\"name\":\"Sant\u00e9 Vitalit\u00e9 - Vitality and Health\",\"description\":\"Dr Dominique CARLY\",\"publisher\":{\"@id\":\"https:\\\/\\\/santevitalite.be\\\/#organization\"},\"potentialAction\":[{\"@type\":\"SearchAction\",\"target\":{\"@type\":\"EntryPoint\",\"urlTemplate\":\"https:\\\/\\\/santevitalite.be\\\/?s={search_term_string}\"},\"query-input\":{\"@type\":\"PropertyValueSpecification\",\"valueRequired\":true,\"valueName\":\"search_term_string\"}}],\"inLanguage\":\"en-US\"},{\"@type\":\"Organization\",\"@id\":\"https:\\\/\\\/santevitalite.be\\\/#organization\",\"name\":\"Sant\u00e9 Vitalit\u00e9\",\"url\":\"https:\\\/\\\/santevitalite.be\\\/\",\"logo\":{\"@type\":\"ImageObject\",\"inLanguage\":\"en-US\",\"@id\":\"https:\\\/\\\/santevitalite.be\\\/#\\\/schema\\\/logo\\\/image\\\/\",\"url\":\"https:\\\/\\\/santevitalite.be\\\/wp-content\\\/uploads\\\/2021\\\/07\\\/logo-SanteVitalite-RGB.png\",\"contentUrl\":\"https:\\\/\\\/santevitalite.be\\\/wp-content\\\/uploads\\\/2021\\\/07\\\/logo-SanteVitalite-RGB.png\",\"width\":700,\"height\":379,\"caption\":\"Sant\u00e9 Vitalit\u00e9\"},\"image\":{\"@id\":\"https:\\\/\\\/santevitalite.be\\\/#\\\/schema\\\/logo\\\/image\\\/\"},\"sameAs\":[\"https:\\\/\\\/www.facebook.com\\\/Docteur-Carly-Dominique-111554067193574\"]}]}<\/script>\n<!-- \/ Yoast SEO plugin. -->","yoast_head_json":{"title":"Prenatal check up - Sant\u00e9 Vitalit\u00e9 - Vitality and Health - Dr Dominique CARLY","robots":{"index":"index","follow":"follow","max-snippet":"max-snippet:-1","max-image-preview":"max-image-preview:large","max-video-preview":"max-video-preview:-1"},"canonical":"https:\/\/santevitalite.be\/en\/prenatal-check-up\/","og_locale":"en_US","og_type":"article","og_title":"Prenatal check up - Sant\u00e9 Vitalit\u00e9 - Vitality and Health - Dr Dominique CARLY","og_description":"Couples planning pregnancy are asking many questions : what should we do to increase the chances of pregnancy, to have a healthy baby, what is the ideal diet? The goal of this check up is to start a pregnancy in the best conditions. For some couples, pregnancy does not occur as expected, they have already [&hellip;]","og_url":"https:\/\/santevitalite.be\/en\/prenatal-check-up\/","og_site_name":"Sant\u00e9 Vitalit\u00e9 - Vitality and Health","article_publisher":"https:\/\/www.facebook.com\/Docteur-Carly-Dominique-111554067193574","article_modified_time":"2021-08-20T12:52:39+00:00","og_image":[{"url":"http:\/\/santevitalite.be\/wp-content\/uploads\/2015\/12\/imagesW9WZFGPC.jpg","type":"","width":"","height":""}],"twitter_card":"summary_large_image","twitter_misc":{"Est. reading time":"1 minute"},"schema":{"@context":"https:\/\/schema.org","@graph":[{"@type":"WebPage","@id":"https:\/\/santevitalite.be\/en\/prenatal-check-up\/","url":"https:\/\/santevitalite.be\/en\/prenatal-check-up\/","name":"Prenatal check up - Sant\u00e9 Vitalit\u00e9 - Vitality and Health - Dr Dominique CARLY","isPartOf":{"@id":"https:\/\/santevitalite.be\/#website"},"primaryImageOfPage":{"@id":"https:\/\/santevitalite.be\/en\/prenatal-check-up\/#primaryimage"},"image":{"@id":"https:\/\/santevitalite.be\/en\/prenatal-check-up\/#primaryimage"},"thumbnailUrl":"http:\/\/santevitalite.be\/wp-content\/uploads\/2015\/12\/imagesW9WZFGPC.jpg","datePublished":"2015-12-06T21:31:48+00:00","dateModified":"2021-08-20T12:52:39+00:00","breadcrumb":{"@id":"https:\/\/santevitalite.be\/en\/prenatal-check-up\/#breadcrumb"},"inLanguage":"en-US","potentialAction":[{"@type":"ReadAction","target":["https:\/\/santevitalite.be\/en\/prenatal-check-up\/"]}]},{"@type":"ImageObject","inLanguage":"en-US","@id":"https:\/\/santevitalite.be\/en\/prenatal-check-up\/#primaryimage","url":"http:\/\/santevitalite.be\/wp-content\/uploads\/2015\/12\/imagesW9WZFGPC.jpg","contentUrl":"http:\/\/santevitalite.be\/wp-content\/uploads\/2015\/12\/imagesW9WZFGPC.jpg"},{"@type":"BreadcrumbList","@id":"https:\/\/santevitalite.be\/en\/prenatal-check-up\/#breadcrumb","itemListElement":[{"@type":"ListItem","position":1,"name":"Accueil","item":"https:\/\/santevitalite.be\/en\/"},{"@type":"ListItem","position":2,"name":"Prenatal check up"}]},{"@type":"WebSite","@id":"https:\/\/santevitalite.be\/#website","url":"https:\/\/santevitalite.be\/","name":"Sant\u00e9 Vitalit\u00e9 - Vitality and Health","description":"Dr Dominique CARLY","publisher":{"@id":"https:\/\/santevitalite.be\/#organization"},"potentialAction":[{"@type":"SearchAction","target":{"@type":"EntryPoint","urlTemplate":"https:\/\/santevitalite.be\/?s={search_term_string}"},"query-input":{"@type":"PropertyValueSpecification","valueRequired":true,"valueName":"search_term_string"}}],"inLanguage":"en-US"},{"@type":"Organization","@id":"https:\/\/santevitalite.be\/#organization","name":"Sant\u00e9 Vitalit\u00e9","url":"https:\/\/santevitalite.be\/","logo":{"@type":"ImageObject","inLanguage":"en-US","@id":"https:\/\/santevitalite.be\/#\/schema\/logo\/image\/","url":"https:\/\/santevitalite.be\/wp-content\/uploads\/2021\/07\/logo-SanteVitalite-RGB.png","contentUrl":"https:\/\/santevitalite.be\/wp-content\/uploads\/2021\/07\/logo-SanteVitalite-RGB.png","width":700,"height":379,"caption":"Sant\u00e9 Vitalit\u00e9"},"image":{"@id":"https:\/\/santevitalite.be\/#\/schema\/logo\/image\/"},"sameAs":["https:\/\/www.facebook.com\/Docteur-Carly-Dominique-111554067193574"]}]}},"_links":{"self":[{"href":"https:\/\/santevitalite.be\/en\/wp-json\/wp\/v2\/pages\/1872","targetHints":{"allow":["GET"]}}],"collection":[{"href":"https:\/\/santevitalite.be\/en\/wp-json\/wp\/v2\/pages"}],"about":[{"href":"https:\/\/santevitalite.be\/en\/wp-json\/wp\/v2\/types\/page"}],"author":[{"embeddable":true,"href":"https:\/\/santevitalite.be\/en\/wp-json\/wp\/v2\/users\/2"}],"replies":[{"embeddable":true,"href":"https:\/\/santevitalite.be\/en\/wp-json\/wp\/v2\/comments?post=1872"}],"version-history":[{"count":2,"href":"https:\/\/santevitalite.be\/en\/wp-json\/wp\/v2\/pages\/1872\/revisions"}],"predecessor-version":[{"id":33273,"href":"https:\/\/santevitalite.be\/en\/wp-json\/wp\/v2\/pages\/1872\/revisions\/33273"}],"wp:attachment":[{"href":"https:\/\/santevitalite.be\/en\/wp-json\/wp\/v2\/media?parent=1872"}],"curies":[{"name":"wp","href":"https:\/\/api.w.org\/{rel}","templated":true}]}}