{"id":253,"date":"2012-11-01T12:35:49","date_gmt":"2012-11-01T11:35:49","guid":{"rendered":"https:\/\/santevitalite.be\/?page_id=253"},"modified":"2021-08-08T19:14:20","modified_gmt":"2021-08-08T18:14:20","slug":"curriculum-vitae","status":"publish","type":"page","link":"https:\/\/santevitalite.be\/en\/doctor-carly\/curriculum-vitae\/","title":{"rendered":"Curriculum Vitae"},"content":{"rendered":"<p>In 1987 Dr. Carly is certificated in General Medicine and continued to specialize in Obstetrics and Gynecology until 1993. He then get a certificate in Fetal Medicine,\u00a0 Prenatal Diagnosis and Fetal Ultrasound.<\/p>\n<p>In 2000, Dr. Carly followed a training in uro-gynecology and pelvic floor surgery,\u00a0 that means taking care that way of genital prolapse and urinary incontinence.<\/p>\n<p>In parallel, he follows the specialization in Pro-Aging Medicine given by Dr. Thierry Hertoghe:<\/p>\n<p><a href=\"https:\/\/santevitalite.be\/wp-content\/uploads\/2012\/10\/Image1.png\"><img decoding=\"async\" class=\"wp-image-32932 alignright\" title=\"Anti-Aging Clock\" src=\"https:\/\/santevitalite.be\/wp-content\/uploads\/2012\/10\/Image1-300x246.png\" alt=\"\" width=\"168\" height=\"138\" srcset=\"https:\/\/santevitalite.be\/wp-content\/uploads\/2012\/10\/Image1-300x246.png 300w, https:\/\/santevitalite.be\/wp-content\/uploads\/2012\/10\/Image1.png 321w\" sizes=\"(max-width: 168px) 100vw, 168px\" \/><\/a>2001, Adulthood Optimal Hormone Therapy<\/p>\n<p>2002-2005, Centre Universitaire de Charleroi (CUNIC) Therapeutic Anti-Aging training organized according to the criteria of the European Council for Aging Research and Education (ECARE).<\/p>\n<p>Doctor Carly is member of:<\/p>\n<p><a href=\"http:\/\/www.wosiam.org\/index.php?rub=search_wosaam&amp;check=carly&amp;option=member\" target=\"_blank\" rel=\"noopener\">World Society Interdisciplinary Anti-AgingMedicine<\/a>\u00a0(WOSAAM)<\/p>\n<p><a href=\"http:\/\/www.intlhormonesociety.org\/\" target=\"_blank\" rel=\"noopener\">International Hormone Society <\/a>(IHS)<\/p>\n<p>Conscious that food plays an crucial role in preserving our health capital, Dr. Carly attended the training provided by <a href=\"http:\/\/www.giga.ulg.ac.be\/jcms\/prod_181167\/en\/vincent-castronovo\" target=\"_blank\" rel=\"noopener\">Professor Castronovo<\/a>.<\/p>\n<p>Summer University specializing in Nutritional and Functional Medicine:<\/p>\n<p><a href=\"https:\/\/santevitalite.be\/wp-content\/uploads\/2012\/10\/Image5.png\"><img decoding=\"async\" class=\"wp-image-32934 alignright\" title=\"curriculum Vitae\" src=\"https:\/\/santevitalite.be\/wp-content\/uploads\/2012\/10\/Image5-225x300.png\" alt=\"\" width=\"158\" height=\"210\" srcset=\"https:\/\/santevitalite.be\/wp-content\/uploads\/2012\/10\/Image5-225x300.png 225w, https:\/\/santevitalite.be\/wp-content\/uploads\/2012\/10\/Image5.png 298w\" sizes=\"(max-width: 158px) 100vw, 158px\" \/><\/a>2006 Biochemical and Physiological Basis of Nutrition and Functional Medicine<\/p>\n<p>2007 Aging, Neuro-Endocrine System and Nutrition<\/p>\n<p>2008 Metal Man and Mineral Man (minerals and trace elements which compose our body)<\/p>\n<p>2010 Nutrition and Brain<\/p>\n<p>2012 Management of gastrointestinal disorders, cancer, obesity, metabolic syndrome and type 2 diabetes, autoimmune diseases and allergies, central nervous system diseases\u00a0and management of\u00a0premature aging.<\/p>\n<p>2013 Mitochondrial Medicine, heavy metals, emerging diseases, autoimmune diseases, arthritis, multiple sclerosis contribution of Nutritional Medicine, autism, attention deficit disorder and hyperactivity in children, nutritional management of cardiometabolic diseases, nutrition and breast cancer and prostate cancer: primary and secondary prevention.<\/p>\n<p>2014 Stem cells and microRNAs, aging, Alzheimer&#8217;s disease, thyroid dysfunction, obesity and sarcopenia, allergies.<\/p>\n<p><a href=\"https:\/\/santevitalite.be\/wp-content\/uploads\/2016\/01\/Attestation-de-pr\u00e9sence-Universit\u00e9-dEt\u00e9-Sp\u00e9cialis\u00e9e-\u00e0-La-Palmy.pdf\" target=\"_blank\" rel=\"noopener\">2015<\/a> Epigenetic regulation and its importance for health, microbiotope, a civilization that lives in us, fibromyalgia and chronic fatigue syndrome, cardiovascular disease, infertility, accompanying menopausal women.<\/p>\n<p>Dr. Carly speaks at numerous conferences in the field of Pro-Aging Medicine.<\/p>\n","protected":false},"excerpt":{"rendered":"<p>In 1987 Dr. Carly is certificated in General Medicine and continued to specialize in Obstetrics and Gynecology until 1993. He then get a certificate in Fetal Medicine,\u00a0 Prenatal Diagnosis and Fetal Ultrasound. In 2000, Dr. Carly followed a training in uro-gynecology and pelvic floor surgery,\u00a0 that means taking care that way of genital prolapse and [&hellip;]<\/p>\n","protected":false},"author":2,"featured_media":32936,"parent":243,"menu_order":0,"comment_status":"closed","ping_status":"closed","template":"","meta":{"_exactmetrics_skip_tracking":false,"_exactmetrics_sitenote_active":false,"_exactmetrics_sitenote_note":"","_exactmetrics_sitenote_category":0,"footnotes":""},"class_list":["post-253","page","type-page","status-publish","has-post-thumbnail","hentry"],"yoast_head":"<!-- This site is optimized with the Yoast SEO plugin v27.3 - https:\/\/yoast.com\/product\/yoast-seo-wordpress\/ -->\n<title>Curriculum Vitae - Sant\u00e9 Vitalit\u00e9 - Vitality and Health - Dr Dominique CARLY<\/title>\n<meta name=\"robots\" content=\"index, follow, max-snippet:-1, max-image-preview:large, max-video-preview:-1\" \/>\n<link rel=\"canonical\" href=\"https:\/\/santevitalite.be\/en\/doctor-carly\/curriculum-vitae\/\" \/>\n<meta property=\"og:locale\" content=\"en_US\" \/>\n<meta property=\"og:type\" content=\"article\" \/>\n<meta property=\"og:title\" content=\"Curriculum Vitae - Sant\u00e9 Vitalit\u00e9 - Vitality and Health - Dr Dominique CARLY\" \/>\n<meta property=\"og:description\" content=\"In 1987 Dr. Carly is certificated in General Medicine and continued to specialize in Obstetrics and Gynecology until 1993. He then get a certificate in Fetal Medicine,\u00a0 Prenatal Diagnosis and Fetal Ultrasound. In 2000, Dr. Carly followed a training in uro-gynecology and pelvic floor surgery,\u00a0 that means taking care that way of genital prolapse and [&hellip;]\" \/>\n<meta property=\"og:url\" content=\"https:\/\/santevitalite.be\/en\/doctor-carly\/curriculum-vitae\/\" \/>\n<meta property=\"og:site_name\" content=\"Sant\u00e9 Vitalit\u00e9 - Vitality and Health\" \/>\n<meta property=\"article:publisher\" content=\"https:\/\/www.facebook.com\/Docteur-Carly-Dominique-111554067193574\" \/>\n<meta property=\"article:modified_time\" content=\"2021-08-08T18:14:20+00:00\" \/>\n<meta property=\"og:image\" content=\"https:\/\/santevitalite.be\/wp-content\/uploads\/2021\/07\/doctor-background-with-overlay-medical.png\" \/>\n\t<meta property=\"og:image:width\" content=\"1466\" \/>\n\t<meta property=\"og:image:height\" content=\"426\" \/>\n\t<meta property=\"og:image:type\" content=\"image\/png\" \/>\n<meta name=\"twitter:card\" content=\"summary_large_image\" \/>\n<meta name=\"twitter:label1\" content=\"Est. reading time\" \/>\n\t<meta name=\"twitter:data1\" content=\"1 minute\" \/>\n<script type=\"application\/ld+json\" class=\"yoast-schema-graph\">{\"@context\":\"https:\\\/\\\/schema.org\",\"@graph\":[{\"@type\":\"WebPage\",\"@id\":\"https:\\\/\\\/santevitalite.be\\\/en\\\/doctor-carly\\\/curriculum-vitae\\\/\",\"url\":\"https:\\\/\\\/santevitalite.be\\\/en\\\/doctor-carly\\\/curriculum-vitae\\\/\",\"name\":\"Curriculum Vitae - Sant\u00e9 Vitalit\u00e9 - Vitality and Health - Dr Dominique CARLY\",\"isPartOf\":{\"@id\":\"https:\\\/\\\/santevitalite.be\\\/#website\"},\"primaryImageOfPage\":{\"@id\":\"https:\\\/\\\/santevitalite.be\\\/en\\\/doctor-carly\\\/curriculum-vitae\\\/#primaryimage\"},\"image\":{\"@id\":\"https:\\\/\\\/santevitalite.be\\\/en\\\/doctor-carly\\\/curriculum-vitae\\\/#primaryimage\"},\"thumbnailUrl\":\"https:\\\/\\\/santevitalite.be\\\/wp-content\\\/uploads\\\/2021\\\/07\\\/doctor-background-with-overlay-medical.png\",\"datePublished\":\"2012-11-01T11:35:49+00:00\",\"dateModified\":\"2021-08-08T18:14:20+00:00\",\"breadcrumb\":{\"@id\":\"https:\\\/\\\/santevitalite.be\\\/en\\\/doctor-carly\\\/curriculum-vitae\\\/#breadcrumb\"},\"inLanguage\":\"en-US\",\"potentialAction\":[{\"@type\":\"ReadAction\",\"target\":[\"https:\\\/\\\/santevitalite.be\\\/en\\\/doctor-carly\\\/curriculum-vitae\\\/\"]}]},{\"@type\":\"ImageObject\",\"inLanguage\":\"en-US\",\"@id\":\"https:\\\/\\\/santevitalite.be\\\/en\\\/doctor-carly\\\/curriculum-vitae\\\/#primaryimage\",\"url\":\"https:\\\/\\\/santevitalite.be\\\/wp-content\\\/uploads\\\/2021\\\/07\\\/doctor-background-with-overlay-medical.png\",\"contentUrl\":\"https:\\\/\\\/santevitalite.be\\\/wp-content\\\/uploads\\\/2021\\\/07\\\/doctor-background-with-overlay-medical.png\",\"width\":1466,\"height\":426},{\"@type\":\"BreadcrumbList\",\"@id\":\"https:\\\/\\\/santevitalite.be\\\/en\\\/doctor-carly\\\/curriculum-vitae\\\/#breadcrumb\",\"itemListElement\":[{\"@type\":\"ListItem\",\"position\":1,\"name\":\"Accueil\",\"item\":\"https:\\\/\\\/santevitalite.be\\\/en\\\/\"},{\"@type\":\"ListItem\",\"position\":2,\"name\":\"Doctor Carly\",\"item\":\"https:\\\/\\\/santevitalite.be\\\/en\\\/doctor-carly\\\/\"},{\"@type\":\"ListItem\",\"position\":3,\"name\":\"Curriculum Vitae\"}]},{\"@type\":\"WebSite\",\"@id\":\"https:\\\/\\\/santevitalite.be\\\/#website\",\"url\":\"https:\\\/\\\/santevitalite.be\\\/\",\"name\":\"Sant\u00e9 Vitalit\u00e9 - Vitality and Health\",\"description\":\"Dr Dominique CARLY\",\"publisher\":{\"@id\":\"https:\\\/\\\/santevitalite.be\\\/#organization\"},\"potentialAction\":[{\"@type\":\"SearchAction\",\"target\":{\"@type\":\"EntryPoint\",\"urlTemplate\":\"https:\\\/\\\/santevitalite.be\\\/?s={search_term_string}\"},\"query-input\":{\"@type\":\"PropertyValueSpecification\",\"valueRequired\":true,\"valueName\":\"search_term_string\"}}],\"inLanguage\":\"en-US\"},{\"@type\":\"Organization\",\"@id\":\"https:\\\/\\\/santevitalite.be\\\/#organization\",\"name\":\"Sant\u00e9 Vitalit\u00e9\",\"url\":\"https:\\\/\\\/santevitalite.be\\\/\",\"logo\":{\"@type\":\"ImageObject\",\"inLanguage\":\"en-US\",\"@id\":\"https:\\\/\\\/santevitalite.be\\\/#\\\/schema\\\/logo\\\/image\\\/\",\"url\":\"https:\\\/\\\/santevitalite.be\\\/wp-content\\\/uploads\\\/2021\\\/07\\\/logo-SanteVitalite-RGB.png\",\"contentUrl\":\"https:\\\/\\\/santevitalite.be\\\/wp-content\\\/uploads\\\/2021\\\/07\\\/logo-SanteVitalite-RGB.png\",\"width\":700,\"height\":379,\"caption\":\"Sant\u00e9 Vitalit\u00e9\"},\"image\":{\"@id\":\"https:\\\/\\\/santevitalite.be\\\/#\\\/schema\\\/logo\\\/image\\\/\"},\"sameAs\":[\"https:\\\/\\\/www.facebook.com\\\/Docteur-Carly-Dominique-111554067193574\"]}]}<\/script>\n<!-- \/ Yoast SEO plugin. -->","yoast_head_json":{"title":"Curriculum Vitae - Sant\u00e9 Vitalit\u00e9 - Vitality and Health - Dr Dominique CARLY","robots":{"index":"index","follow":"follow","max-snippet":"max-snippet:-1","max-image-preview":"max-image-preview:large","max-video-preview":"max-video-preview:-1"},"canonical":"https:\/\/santevitalite.be\/en\/doctor-carly\/curriculum-vitae\/","og_locale":"en_US","og_type":"article","og_title":"Curriculum Vitae - Sant\u00e9 Vitalit\u00e9 - Vitality and Health - Dr Dominique CARLY","og_description":"In 1987 Dr. Carly is certificated in General Medicine and continued to specialize in Obstetrics and Gynecology until 1993. He then get a certificate in Fetal Medicine,\u00a0 Prenatal Diagnosis and Fetal Ultrasound. In 2000, Dr. Carly followed a training in uro-gynecology and pelvic floor surgery,\u00a0 that means taking care that way of genital prolapse and [&hellip;]","og_url":"https:\/\/santevitalite.be\/en\/doctor-carly\/curriculum-vitae\/","og_site_name":"Sant\u00e9 Vitalit\u00e9 - Vitality and Health","article_publisher":"https:\/\/www.facebook.com\/Docteur-Carly-Dominique-111554067193574","article_modified_time":"2021-08-08T18:14:20+00:00","og_image":[{"width":1466,"height":426,"url":"https:\/\/santevitalite.be\/wp-content\/uploads\/2021\/07\/doctor-background-with-overlay-medical.png","type":"image\/png"}],"twitter_card":"summary_large_image","twitter_misc":{"Est. reading time":"1 minute"},"schema":{"@context":"https:\/\/schema.org","@graph":[{"@type":"WebPage","@id":"https:\/\/santevitalite.be\/en\/doctor-carly\/curriculum-vitae\/","url":"https:\/\/santevitalite.be\/en\/doctor-carly\/curriculum-vitae\/","name":"Curriculum Vitae - Sant\u00e9 Vitalit\u00e9 - Vitality and Health - Dr Dominique CARLY","isPartOf":{"@id":"https:\/\/santevitalite.be\/#website"},"primaryImageOfPage":{"@id":"https:\/\/santevitalite.be\/en\/doctor-carly\/curriculum-vitae\/#primaryimage"},"image":{"@id":"https:\/\/santevitalite.be\/en\/doctor-carly\/curriculum-vitae\/#primaryimage"},"thumbnailUrl":"https:\/\/santevitalite.be\/wp-content\/uploads\/2021\/07\/doctor-background-with-overlay-medical.png","datePublished":"2012-11-01T11:35:49+00:00","dateModified":"2021-08-08T18:14:20+00:00","breadcrumb":{"@id":"https:\/\/santevitalite.be\/en\/doctor-carly\/curriculum-vitae\/#breadcrumb"},"inLanguage":"en-US","potentialAction":[{"@type":"ReadAction","target":["https:\/\/santevitalite.be\/en\/doctor-carly\/curriculum-vitae\/"]}]},{"@type":"ImageObject","inLanguage":"en-US","@id":"https:\/\/santevitalite.be\/en\/doctor-carly\/curriculum-vitae\/#primaryimage","url":"https:\/\/santevitalite.be\/wp-content\/uploads\/2021\/07\/doctor-background-with-overlay-medical.png","contentUrl":"https:\/\/santevitalite.be\/wp-content\/uploads\/2021\/07\/doctor-background-with-overlay-medical.png","width":1466,"height":426},{"@type":"BreadcrumbList","@id":"https:\/\/santevitalite.be\/en\/doctor-carly\/curriculum-vitae\/#breadcrumb","itemListElement":[{"@type":"ListItem","position":1,"name":"Accueil","item":"https:\/\/santevitalite.be\/en\/"},{"@type":"ListItem","position":2,"name":"Doctor Carly","item":"https:\/\/santevitalite.be\/en\/doctor-carly\/"},{"@type":"ListItem","position":3,"name":"Curriculum Vitae"}]},{"@type":"WebSite","@id":"https:\/\/santevitalite.be\/#website","url":"https:\/\/santevitalite.be\/","name":"Sant\u00e9 Vitalit\u00e9 - Vitality and Health","description":"Dr Dominique CARLY","publisher":{"@id":"https:\/\/santevitalite.be\/#organization"},"potentialAction":[{"@type":"SearchAction","target":{"@type":"EntryPoint","urlTemplate":"https:\/\/santevitalite.be\/?s={search_term_string}"},"query-input":{"@type":"PropertyValueSpecification","valueRequired":true,"valueName":"search_term_string"}}],"inLanguage":"en-US"},{"@type":"Organization","@id":"https:\/\/santevitalite.be\/#organization","name":"Sant\u00e9 Vitalit\u00e9","url":"https:\/\/santevitalite.be\/","logo":{"@type":"ImageObject","inLanguage":"en-US","@id":"https:\/\/santevitalite.be\/#\/schema\/logo\/image\/","url":"https:\/\/santevitalite.be\/wp-content\/uploads\/2021\/07\/logo-SanteVitalite-RGB.png","contentUrl":"https:\/\/santevitalite.be\/wp-content\/uploads\/2021\/07\/logo-SanteVitalite-RGB.png","width":700,"height":379,"caption":"Sant\u00e9 Vitalit\u00e9"},"image":{"@id":"https:\/\/santevitalite.be\/#\/schema\/logo\/image\/"},"sameAs":["https:\/\/www.facebook.com\/Docteur-Carly-Dominique-111554067193574"]}]}},"_links":{"self":[{"href":"https:\/\/santevitalite.be\/en\/wp-json\/wp\/v2\/pages\/253","targetHints":{"allow":["GET"]}}],"collection":[{"href":"https:\/\/santevitalite.be\/en\/wp-json\/wp\/v2\/pages"}],"about":[{"href":"https:\/\/santevitalite.be\/en\/wp-json\/wp\/v2\/types\/page"}],"author":[{"embeddable":true,"href":"https:\/\/santevitalite.be\/en\/wp-json\/wp\/v2\/users\/2"}],"replies":[{"embeddable":true,"href":"https:\/\/santevitalite.be\/en\/wp-json\/wp\/v2\/comments?post=253"}],"version-history":[{"count":22,"href":"https:\/\/santevitalite.be\/en\/wp-json\/wp\/v2\/pages\/253\/revisions"}],"predecessor-version":[{"id":32931,"href":"https:\/\/santevitalite.be\/en\/wp-json\/wp\/v2\/pages\/253\/revisions\/32931"}],"up":[{"embeddable":true,"href":"https:\/\/santevitalite.be\/en\/wp-json\/wp\/v2\/pages\/243"}],"wp:featuredmedia":[{"embeddable":true,"href":"https:\/\/santevitalite.be\/en\/wp-json\/wp\/v2\/media\/32936"}],"wp:attachment":[{"href":"https:\/\/santevitalite.be\/en\/wp-json\/wp\/v2\/media?parent=253"}],"curies":[{"name":"wp","href":"https:\/\/api.w.org\/{rel}","templated":true}]}}