{"id":384,"date":"2012-11-25T16:00:36","date_gmt":"2012-11-25T15:00:36","guid":{"rendered":"https:\/\/santevitalite.be\/?page_id=384"},"modified":"2021-08-08T20:47:27","modified_gmt":"2021-08-08T19:47:27","slug":"nutritional-and-micronutritional-medicine-consultation","status":"publish","type":"page","link":"https:\/\/santevitalite.be\/en\/nutritional-and-micronutritional-medicine-consultation\/","title":{"rendered":"Nutritional and Micronutritional Medicine consultation"},"content":{"rendered":"<p>Nutritherapy could be defined as the study of needs, deficiencies and pathologies of the body.<\/p>\n<p>Nutritherapy, is based on understanding the biochemical mechanisms of the organism, <a href=\"https:\/\/santevitalite.be\/wp-content\/uploads\/2012\/08\/nutrition.jpg\"><img fetchpriority=\"high\" decoding=\"async\" class=\"wp-image-32944 alignright\" title=\"nutrition\" src=\"https:\/\/santevitalite.be\/wp-content\/uploads\/2012\/08\/nutrition-300x206.jpg\" alt=\"\" width=\"300\" height=\"206\" srcset=\"https:\/\/santevitalite.be\/wp-content\/uploads\/2012\/08\/nutrition-300x206.jpg 300w, https:\/\/santevitalite.be\/wp-content\/uploads\/2012\/08\/nutrition.jpg 430w\" sizes=\"(max-width: 300px) 100vw, 300px\" \/><\/a>bioavailability and synergistic action of nutrients and micronutrients. It seeks to know how they are metabolized in every cell and how their excesses or deficits can cause physiological disorders manifested by various warning signs. Nutritherapy is an integral part of functional medicine. It is based on the diagnosis and correction of the patient&#8217;s field. It provides a preventive and therapeutic dietary advice focused on the correction of deficits and the administration of vitamins, minerals, essential fatty acids, appropriate amino acids, conditions required for optimal health.<\/p>\n<h2>Diseases requiring\u00a0 a nutritional approach<\/h2>\n<div>\u2022 Mood disorders, depression, <a href=\"https:\/\/santevitalite.be\/wp-content\/uploads\/2012\/11\/Image6.jpg\"><img decoding=\"async\" class=\" wp-image-32946 alignright\" title=\"Maladies neurod\u00e9g\u00e9n\u00e9ratives\" src=\"https:\/\/santevitalite.be\/wp-content\/uploads\/2012\/11\/Image6.jpg\" alt=\"\" width=\"165\" height=\"144\" \/><\/a><\/div>\n<div>\u00a0 attention deficit disorder with hyperactivity, memory<\/div>\n<div>\u00a0 neurodegenerative diseases, Alzheimer, Parkinson,<\/div>\n<div>\u00a0 dementia &#8230;<\/div>\n<div><\/div>\n<div>\u2022 Cardiovascular diseases: hypertension, atherosclerosis,<\/div>\n<div>\u00a0\u00a0angina, myocardial infarction, stroke,<\/div>\n<div>\u00a0 tromboembolism &#8230;<\/div>\n<div><\/div>\n<div>\u2022 Autoimmune diseases: systemic lupus erythematosus, rheumatoid arthritis, multiple<\/div>\n<div>\u00a0\u00a0sclerosis, autoimmune thyroiditis\u00a0&#8230;<\/div>\n<div><\/div>\n<div>\u2022 Type 1 as type 2 diabetes<\/div>\n<div><\/div>\n<div>\n<div>\u2022 Allergies, some forms of asthma <a href=\"https:\/\/santevitalite.be\/wp-content\/uploads\/2012\/11\/Image9.jpg\"><img decoding=\"async\" class=\" wp-image-32948 alignright\" title=\"Allergies\" src=\"https:\/\/santevitalite.be\/wp-content\/uploads\/2012\/11\/Image9-300x192.jpg\" alt=\"\" width=\"210\" height=\"134\" srcset=\"https:\/\/santevitalite.be\/wp-content\/uploads\/2012\/11\/Image9-300x192.jpg 300w, https:\/\/santevitalite.be\/wp-content\/uploads\/2012\/11\/Image9.jpg 387w\" sizes=\"(max-width: 210px) 100vw, 210px\" \/><\/a><\/div>\n<div><\/div>\n<div>\u2022 Some forms of eczema, psoriasis, &#8230;.<\/div>\n<div><\/div>\n<div>\u2022 Prevention and adjuvant treatment of cancer<\/div>\n<div><\/div>\n<div>\u2022 Osteoporosis<\/div>\n<div><\/div>\n<div>This is a non exhaustive list of diseases which can be prevented and supported by a nutritional approach.<\/div>\n<\/div>\n","protected":false},"excerpt":{"rendered":"<p>Nutritherapy could be defined as the study of needs, deficiencies and pathologies of the body. Nutritherapy, is based on understanding the biochemical mechanisms of the organism, bioavailability and synergistic action of nutrients and micronutrients. It seeks to know how they are metabolized in every cell and how their excesses or deficits can cause physiological disorders [&hellip;]<\/p>\n","protected":false},"author":9,"featured_media":0,"parent":0,"menu_order":0,"comment_status":"closed","ping_status":"closed","template":"","meta":{"_exactmetrics_skip_tracking":false,"_exactmetrics_sitenote_active":false,"_exactmetrics_sitenote_note":"","_exactmetrics_sitenote_category":0,"footnotes":""},"class_list":["post-384","page","type-page","status-publish","hentry"],"yoast_head":"<!-- This site is optimized with the Yoast SEO plugin v27.3 - https:\/\/yoast.com\/product\/yoast-seo-wordpress\/ -->\n<title>Nutritional and Micronutritional Medicine consultation - Sant\u00e9 Vitalit\u00e9 - Vitality and Health - Dr Dominique CARLY<\/title>\n<meta name=\"robots\" content=\"index, follow, max-snippet:-1, max-image-preview:large, max-video-preview:-1\" \/>\n<link rel=\"canonical\" href=\"https:\/\/santevitalite.be\/en\/nutritional-and-micronutritional-medicine-consultation\/\" \/>\n<meta property=\"og:locale\" content=\"en_US\" \/>\n<meta property=\"og:type\" content=\"article\" \/>\n<meta property=\"og:title\" content=\"Nutritional and Micronutritional Medicine consultation - Sant\u00e9 Vitalit\u00e9 - Vitality and Health - Dr Dominique CARLY\" \/>\n<meta property=\"og:description\" content=\"Nutritherapy could be defined as the study of needs, deficiencies and pathologies of the body. Nutritherapy, is based on understanding the biochemical mechanisms of the organism, bioavailability and synergistic action of nutrients and micronutrients. It seeks to know how they are metabolized in every cell and how their excesses or deficits can cause physiological disorders [&hellip;]\" \/>\n<meta property=\"og:url\" content=\"https:\/\/santevitalite.be\/en\/nutritional-and-micronutritional-medicine-consultation\/\" \/>\n<meta property=\"og:site_name\" content=\"Sant\u00e9 Vitalit\u00e9 - Vitality and Health\" \/>\n<meta property=\"article:publisher\" content=\"https:\/\/www.facebook.com\/Docteur-Carly-Dominique-111554067193574\" \/>\n<meta property=\"article:modified_time\" content=\"2021-08-08T19:47:27+00:00\" \/>\n<meta property=\"og:image\" content=\"https:\/\/santevitalite.be\/wp-content\/uploads\/2012\/08\/nutrition-300x206.jpg\" \/>\n<meta name=\"twitter:card\" content=\"summary_large_image\" \/>\n<meta name=\"twitter:label1\" content=\"Est. reading time\" \/>\n\t<meta name=\"twitter:data1\" content=\"1 minute\" \/>\n<script type=\"application\/ld+json\" class=\"yoast-schema-graph\">{\"@context\":\"https:\\\/\\\/schema.org\",\"@graph\":[{\"@type\":\"WebPage\",\"@id\":\"https:\\\/\\\/santevitalite.be\\\/en\\\/nutritional-and-micronutritional-medicine-consultation\\\/\",\"url\":\"https:\\\/\\\/santevitalite.be\\\/en\\\/nutritional-and-micronutritional-medicine-consultation\\\/\",\"name\":\"Nutritional and Micronutritional Medicine consultation - Sant\u00e9 Vitalit\u00e9 - Vitality and Health - Dr Dominique CARLY\",\"isPartOf\":{\"@id\":\"https:\\\/\\\/santevitalite.be\\\/#website\"},\"primaryImageOfPage\":{\"@id\":\"https:\\\/\\\/santevitalite.be\\\/en\\\/nutritional-and-micronutritional-medicine-consultation\\\/#primaryimage\"},\"image\":{\"@id\":\"https:\\\/\\\/santevitalite.be\\\/en\\\/nutritional-and-micronutritional-medicine-consultation\\\/#primaryimage\"},\"thumbnailUrl\":\"https:\\\/\\\/santevitalite.be\\\/wp-content\\\/uploads\\\/2012\\\/08\\\/nutrition-300x206.jpg\",\"datePublished\":\"2012-11-25T15:00:36+00:00\",\"dateModified\":\"2021-08-08T19:47:27+00:00\",\"breadcrumb\":{\"@id\":\"https:\\\/\\\/santevitalite.be\\\/en\\\/nutritional-and-micronutritional-medicine-consultation\\\/#breadcrumb\"},\"inLanguage\":\"en-US\",\"potentialAction\":[{\"@type\":\"ReadAction\",\"target\":[\"https:\\\/\\\/santevitalite.be\\\/en\\\/nutritional-and-micronutritional-medicine-consultation\\\/\"]}]},{\"@type\":\"ImageObject\",\"inLanguage\":\"en-US\",\"@id\":\"https:\\\/\\\/santevitalite.be\\\/en\\\/nutritional-and-micronutritional-medicine-consultation\\\/#primaryimage\",\"url\":\"https:\\\/\\\/santevitalite.be\\\/wp-content\\\/uploads\\\/2012\\\/08\\\/nutrition-300x206.jpg\",\"contentUrl\":\"https:\\\/\\\/santevitalite.be\\\/wp-content\\\/uploads\\\/2012\\\/08\\\/nutrition-300x206.jpg\"},{\"@type\":\"BreadcrumbList\",\"@id\":\"https:\\\/\\\/santevitalite.be\\\/en\\\/nutritional-and-micronutritional-medicine-consultation\\\/#breadcrumb\",\"itemListElement\":[{\"@type\":\"ListItem\",\"position\":1,\"name\":\"Accueil\",\"item\":\"https:\\\/\\\/santevitalite.be\\\/en\\\/\"},{\"@type\":\"ListItem\",\"position\":2,\"name\":\"Nutritional and Micronutritional Medicine consultation\"}]},{\"@type\":\"WebSite\",\"@id\":\"https:\\\/\\\/santevitalite.be\\\/#website\",\"url\":\"https:\\\/\\\/santevitalite.be\\\/\",\"name\":\"Sant\u00e9 Vitalit\u00e9 - Vitality and Health\",\"description\":\"Dr Dominique CARLY\",\"publisher\":{\"@id\":\"https:\\\/\\\/santevitalite.be\\\/#organization\"},\"potentialAction\":[{\"@type\":\"SearchAction\",\"target\":{\"@type\":\"EntryPoint\",\"urlTemplate\":\"https:\\\/\\\/santevitalite.be\\\/?s={search_term_string}\"},\"query-input\":{\"@type\":\"PropertyValueSpecification\",\"valueRequired\":true,\"valueName\":\"search_term_string\"}}],\"inLanguage\":\"en-US\"},{\"@type\":\"Organization\",\"@id\":\"https:\\\/\\\/santevitalite.be\\\/#organization\",\"name\":\"Sant\u00e9 Vitalit\u00e9\",\"url\":\"https:\\\/\\\/santevitalite.be\\\/\",\"logo\":{\"@type\":\"ImageObject\",\"inLanguage\":\"en-US\",\"@id\":\"https:\\\/\\\/santevitalite.be\\\/#\\\/schema\\\/logo\\\/image\\\/\",\"url\":\"https:\\\/\\\/santevitalite.be\\\/wp-content\\\/uploads\\\/2021\\\/07\\\/logo-SanteVitalite-RGB.png\",\"contentUrl\":\"https:\\\/\\\/santevitalite.be\\\/wp-content\\\/uploads\\\/2021\\\/07\\\/logo-SanteVitalite-RGB.png\",\"width\":700,\"height\":379,\"caption\":\"Sant\u00e9 Vitalit\u00e9\"},\"image\":{\"@id\":\"https:\\\/\\\/santevitalite.be\\\/#\\\/schema\\\/logo\\\/image\\\/\"},\"sameAs\":[\"https:\\\/\\\/www.facebook.com\\\/Docteur-Carly-Dominique-111554067193574\"]}]}<\/script>\n<!-- \/ Yoast SEO plugin. -->","yoast_head_json":{"title":"Nutritional and Micronutritional Medicine consultation - Sant\u00e9 Vitalit\u00e9 - Vitality and Health - Dr Dominique CARLY","robots":{"index":"index","follow":"follow","max-snippet":"max-snippet:-1","max-image-preview":"max-image-preview:large","max-video-preview":"max-video-preview:-1"},"canonical":"https:\/\/santevitalite.be\/en\/nutritional-and-micronutritional-medicine-consultation\/","og_locale":"en_US","og_type":"article","og_title":"Nutritional and Micronutritional Medicine consultation - Sant\u00e9 Vitalit\u00e9 - Vitality and Health - Dr Dominique CARLY","og_description":"Nutritherapy could be defined as the study of needs, deficiencies and pathologies of the body. Nutritherapy, is based on understanding the biochemical mechanisms of the organism, bioavailability and synergistic action of nutrients and micronutrients. It seeks to know how they are metabolized in every cell and how their excesses or deficits can cause physiological disorders [&hellip;]","og_url":"https:\/\/santevitalite.be\/en\/nutritional-and-micronutritional-medicine-consultation\/","og_site_name":"Sant\u00e9 Vitalit\u00e9 - Vitality and Health","article_publisher":"https:\/\/www.facebook.com\/Docteur-Carly-Dominique-111554067193574","article_modified_time":"2021-08-08T19:47:27+00:00","og_image":[{"url":"https:\/\/santevitalite.be\/wp-content\/uploads\/2012\/08\/nutrition-300x206.jpg","type":"","width":"","height":""}],"twitter_card":"summary_large_image","twitter_misc":{"Est. reading time":"1 minute"},"schema":{"@context":"https:\/\/schema.org","@graph":[{"@type":"WebPage","@id":"https:\/\/santevitalite.be\/en\/nutritional-and-micronutritional-medicine-consultation\/","url":"https:\/\/santevitalite.be\/en\/nutritional-and-micronutritional-medicine-consultation\/","name":"Nutritional and Micronutritional Medicine consultation - Sant\u00e9 Vitalit\u00e9 - Vitality and Health - Dr Dominique CARLY","isPartOf":{"@id":"https:\/\/santevitalite.be\/#website"},"primaryImageOfPage":{"@id":"https:\/\/santevitalite.be\/en\/nutritional-and-micronutritional-medicine-consultation\/#primaryimage"},"image":{"@id":"https:\/\/santevitalite.be\/en\/nutritional-and-micronutritional-medicine-consultation\/#primaryimage"},"thumbnailUrl":"https:\/\/santevitalite.be\/wp-content\/uploads\/2012\/08\/nutrition-300x206.jpg","datePublished":"2012-11-25T15:00:36+00:00","dateModified":"2021-08-08T19:47:27+00:00","breadcrumb":{"@id":"https:\/\/santevitalite.be\/en\/nutritional-and-micronutritional-medicine-consultation\/#breadcrumb"},"inLanguage":"en-US","potentialAction":[{"@type":"ReadAction","target":["https:\/\/santevitalite.be\/en\/nutritional-and-micronutritional-medicine-consultation\/"]}]},{"@type":"ImageObject","inLanguage":"en-US","@id":"https:\/\/santevitalite.be\/en\/nutritional-and-micronutritional-medicine-consultation\/#primaryimage","url":"https:\/\/santevitalite.be\/wp-content\/uploads\/2012\/08\/nutrition-300x206.jpg","contentUrl":"https:\/\/santevitalite.be\/wp-content\/uploads\/2012\/08\/nutrition-300x206.jpg"},{"@type":"BreadcrumbList","@id":"https:\/\/santevitalite.be\/en\/nutritional-and-micronutritional-medicine-consultation\/#breadcrumb","itemListElement":[{"@type":"ListItem","position":1,"name":"Accueil","item":"https:\/\/santevitalite.be\/en\/"},{"@type":"ListItem","position":2,"name":"Nutritional and Micronutritional Medicine consultation"}]},{"@type":"WebSite","@id":"https:\/\/santevitalite.be\/#website","url":"https:\/\/santevitalite.be\/","name":"Sant\u00e9 Vitalit\u00e9 - Vitality and Health","description":"Dr Dominique CARLY","publisher":{"@id":"https:\/\/santevitalite.be\/#organization"},"potentialAction":[{"@type":"SearchAction","target":{"@type":"EntryPoint","urlTemplate":"https:\/\/santevitalite.be\/?s={search_term_string}"},"query-input":{"@type":"PropertyValueSpecification","valueRequired":true,"valueName":"search_term_string"}}],"inLanguage":"en-US"},{"@type":"Organization","@id":"https:\/\/santevitalite.be\/#organization","name":"Sant\u00e9 Vitalit\u00e9","url":"https:\/\/santevitalite.be\/","logo":{"@type":"ImageObject","inLanguage":"en-US","@id":"https:\/\/santevitalite.be\/#\/schema\/logo\/image\/","url":"https:\/\/santevitalite.be\/wp-content\/uploads\/2021\/07\/logo-SanteVitalite-RGB.png","contentUrl":"https:\/\/santevitalite.be\/wp-content\/uploads\/2021\/07\/logo-SanteVitalite-RGB.png","width":700,"height":379,"caption":"Sant\u00e9 Vitalit\u00e9"},"image":{"@id":"https:\/\/santevitalite.be\/#\/schema\/logo\/image\/"},"sameAs":["https:\/\/www.facebook.com\/Docteur-Carly-Dominique-111554067193574"]}]}},"_links":{"self":[{"href":"https:\/\/santevitalite.be\/en\/wp-json\/wp\/v2\/pages\/384","targetHints":{"allow":["GET"]}}],"collection":[{"href":"https:\/\/santevitalite.be\/en\/wp-json\/wp\/v2\/pages"}],"about":[{"href":"https:\/\/santevitalite.be\/en\/wp-json\/wp\/v2\/types\/page"}],"author":[{"embeddable":true,"href":"https:\/\/santevitalite.be\/en\/wp-json\/wp\/v2\/users\/9"}],"replies":[{"embeddable":true,"href":"https:\/\/santevitalite.be\/en\/wp-json\/wp\/v2\/comments?post=384"}],"version-history":[{"count":10,"href":"https:\/\/santevitalite.be\/en\/wp-json\/wp\/v2\/pages\/384\/revisions"}],"predecessor-version":[{"id":32950,"href":"https:\/\/santevitalite.be\/en\/wp-json\/wp\/v2\/pages\/384\/revisions\/32950"}],"wp:attachment":[{"href":"https:\/\/santevitalite.be\/en\/wp-json\/wp\/v2\/media?parent=384"}],"curies":[{"name":"wp","href":"https:\/\/api.w.org\/{rel}","templated":true}]}}